{"id":34,"date":"2025-08-13T23:21:57","date_gmt":"2025-08-13T23:21:57","guid":{"rendered":"https:\/\/boldopropiedades.cl\/?page_id=34"},"modified":"2025-09-28T18:56:58","modified_gmt":"2025-09-28T18:56:58","slug":"home","status":"publish","type":"page","link":"https:\/\/boldopropiedades.cl\/","title":{"rendered":"Home"},"content":{"rendered":"<section class=\"bde-section-34-100 bde-section\">\n  \n  \n\t\n\n\n\n<div class=\"section-container\"><div class=\"bde-div-34-116 bde-div\">\n              \n  \n  \n\t\n\n  <div class=\"section-background-overlay\"><\/div>\n\n\n<h1 class=\"bde-heading-34-109 bde-heading\">\n\u00bfEn qu\u00e9 creemos?\n<\/h1><div class=\"bde-text-34-110 bde-text\">\nCreemos que cada propiedad marca el comienzo de una nueva etapa.<br>Un cambio, un crecimiento, una decisi\u00f3n que merece claridad y tranquilidad.\n<\/div><div class=\"bde-button-34-111 bde-button\">\n    \n                                    \n    \n    \n    \n    \n            \n                    \n            \n            \n\n    \n    \n    \n    \n    \n    <a class=\"breakdance-link button-atom button-atom--custom bde-button__button\" href=\"https:\/\/boldopropiedades.cl\/?page_id=42\" target=\"_self\" data-type=\"url\"  >\n\n    \n        <span class=\"button-atom__text\">Conocer nuestro equipo<\/span>\n\n        \n        \n                <\/a>\n\n    \n\n\n<\/div>\n<\/div><\/div>\n<\/section><section class=\"bde-section-34-112 bde-section\">\n  \n  \n\t\n\n\n\n<div class=\"section-container\"><h1 class=\"bde-heading-34-113 bde-heading\">\n\u201cM\u00e1s que un servicio, un proceso claro y acompa\u00f1ado\u201d\n<\/h1><div class=\"bde-text-34-114 bde-text\">\nEn BOLDO no solo gestionamos propiedades, te damos tranquilidad. Desde la primera llamada hasta la entrega de llaves, estamos contigo en cada decisi\u00f3n.\n<\/div><div class=\"bde-div-34-134 bde-div\">\n  \n  \n\t\n\n\n\n<div class=\"bde-text-34-135 bde-text\">\nCreemos que cada propiedad marca el comienzo de una nueva etapa.<br>Un cambio, un crecimiento, una decisi\u00f3n que merece claridad y tranquilidad.\n<\/div>\n<\/div><div class=\"bde-div-34-136 bde-div\">\n  \n  \n\t\n\n\n\n<div class=\"bde-text-34-137 bde-text\">\nCreemos en procesos bien hechos, con asesor\u00eda legal, gesti\u00f3n completa y acompa\u00f1amiento real.\n<\/div>\n<\/div><div class=\"bde-div-34-138 bde-div\">\n  \n  \n\t\n\n\n\n<div class=\"bde-text-34-139 bde-text\">\nCada paso puede ser claro. Cada tr\u00e1mite, ordenado. Cada decisi\u00f3n, informada.\n<\/div>\n<\/div><\/div>\n<\/section><section class=\"bde-section-34-141 bde-section\">\n  \n  \n\t\n\n\n\n<div class=\"section-container\"><h3 class=\"bde-heading-34-149 bde-heading\">\nPropiedades destacadas en venta\n<\/h3><div class=\"bde-columns-34-142 bde-columns\"><div class=\"bde-column-34-143 bde-column\">\n  \n  \n\t\n\n\n\n<div class=\"bde-instagram-post-34-144 bde-instagram-post\">\n<div class=\"bde-instagram-post__wrapper js-ee-instagram-post\"><\/div>\n\n<\/div>\n<\/div><div class=\"bde-column-34-145 bde-column\">\n  \n  \n\t\n\n\n\n<div class=\"bde-instagram-post-34-146 bde-instagram-post\">\n<div class=\"bde-instagram-post__wrapper js-ee-instagram-post\"><\/div>\n\n<\/div>\n<\/div><div class=\"bde-column-34-147 bde-column\">\n  \n  \n\t\n\n\n\n<div class=\"bde-instagram-post-34-148 bde-instagram-post\">\n<div class=\"bde-instagram-post__wrapper js-ee-instagram-post\"><\/div>\n\n<\/div>\n<\/div><\/div><\/div>\n<\/section>","protected":false},"excerpt":{"rendered":"<p>\u00bfEn qu\u00e9 creemos? Creemos que cada propiedad marca el comienzo de una nueva etapa.Un cambio, un crecimiento, una decisi\u00f3n que merece claridad y tranquilidad. Conocer nuestro equipo \u201cM\u00e1s que un servicio, un proceso claro y acompa\u00f1ado\u201d En BOLDO no solo gestionamos propiedades, te damos tranquilidad. Desde la primera llamada hasta la entrega de llaves, estamos [&hellip;]<\/p>\n","protected":false},"author":1,"featured_media":0,"parent":0,"menu_order":0,"comment_status":"closed","ping_status":"closed","template":"","meta":{"_breakdance_hide_in_design_set":false,"_breakdance_tags":"","footnotes":""},"class_list":["post-34","page","type-page","status-publish","hentry"],"yoast_head":"<!-- This site is optimized with the Yoast SEO plugin v25.6 - https:\/\/yoast.com\/wordpress\/plugins\/seo\/ -->\n<title>Home - Boldo Propiedades<\/title>\n<meta name=\"robots\" content=\"index, follow, max-snippet:-1, max-image-preview:large, max-video-preview:-1\" \/>\n<link rel=\"canonical\" href=\"https:\/\/boldopropiedades.cl\/\" \/>\n<meta property=\"og:locale\" content=\"es_ES\" \/>\n<meta property=\"og:type\" content=\"article\" \/>\n<meta property=\"og:title\" content=\"Home - Boldo Propiedades\" \/>\n<meta property=\"og:description\" content=\"\u00bfEn qu\u00e9 creemos? Creemos que cada propiedad marca el comienzo de una nueva etapa.Un cambio, un crecimiento, una decisi\u00f3n que merece claridad y tranquilidad. Conocer nuestro equipo \u201cM\u00e1s que un servicio, un proceso claro y acompa\u00f1ado\u201d En BOLDO no solo gestionamos propiedades, te damos tranquilidad. Desde la primera llamada hasta la entrega de llaves, estamos [&hellip;]\" \/>\n<meta property=\"og:url\" content=\"https:\/\/boldopropiedades.cl\/\" \/>\n<meta property=\"og:site_name\" content=\"Boldo Propiedades\" \/>\n<meta property=\"article:modified_time\" content=\"2025-09-28T18:56:58+00:00\" \/>\n<meta name=\"twitter:card\" content=\"summary_large_image\" \/>\n<script type=\"application\/ld+json\" class=\"yoast-schema-graph\">{\"@context\":\"https:\/\/schema.org\",\"@graph\":[{\"@type\":\"WebPage\",\"@id\":\"https:\/\/boldopropiedades.cl\/\",\"url\":\"https:\/\/boldopropiedades.cl\/\",\"name\":\"Home - Boldo Propiedades\",\"isPartOf\":{\"@id\":\"https:\/\/boldopropiedades.cl\/#website\"},\"datePublished\":\"2025-08-13T23:21:57+00:00\",\"dateModified\":\"2025-09-28T18:56:58+00:00\",\"breadcrumb\":{\"@id\":\"https:\/\/boldopropiedades.cl\/#breadcrumb\"},\"inLanguage\":\"es-CL\",\"potentialAction\":[{\"@type\":\"ReadAction\",\"target\":[\"https:\/\/boldopropiedades.cl\/\"]}]},{\"@type\":\"BreadcrumbList\",\"@id\":\"https:\/\/boldopropiedades.cl\/#breadcrumb\",\"itemListElement\":[{\"@type\":\"ListItem\",\"position\":1,\"name\":\"Portada\",\"item\":\"https:\/\/boldopropiedades.cl\/\"},{\"@type\":\"ListItem\",\"position\":2,\"name\":\"Home\"}]},{\"@type\":\"WebSite\",\"@id\":\"https:\/\/boldopropiedades.cl\/#website\",\"url\":\"https:\/\/boldopropiedades.cl\/\",\"name\":\"Boldo Propiedades\",\"description\":\"\",\"potentialAction\":[{\"@type\":\"SearchAction\",\"target\":{\"@type\":\"EntryPoint\",\"urlTemplate\":\"https:\/\/boldopropiedades.cl\/?s={search_term_string}\"},\"query-input\":{\"@type\":\"PropertyValueSpecification\",\"valueRequired\":true,\"valueName\":\"search_term_string\"}}],\"inLanguage\":\"es-CL\"}]}<\/script>\n<!-- \/ Yoast SEO plugin. -->","yoast_head_json":{"title":"Home - Boldo Propiedades","robots":{"index":"index","follow":"follow","max-snippet":"max-snippet:-1","max-image-preview":"max-image-preview:large","max-video-preview":"max-video-preview:-1"},"canonical":"https:\/\/boldopropiedades.cl\/","og_locale":"es_ES","og_type":"article","og_title":"Home - Boldo Propiedades","og_description":"\u00bfEn qu\u00e9 creemos? Creemos que cada propiedad marca el comienzo de una nueva etapa.Un cambio, un crecimiento, una decisi\u00f3n que merece claridad y tranquilidad. Conocer nuestro equipo \u201cM\u00e1s que un servicio, un proceso claro y acompa\u00f1ado\u201d En BOLDO no solo gestionamos propiedades, te damos tranquilidad. Desde la primera llamada hasta la entrega de llaves, estamos [&hellip;]","og_url":"https:\/\/boldopropiedades.cl\/","og_site_name":"Boldo Propiedades","article_modified_time":"2025-09-28T18:56:58+00:00","twitter_card":"summary_large_image","schema":{"@context":"https:\/\/schema.org","@graph":[{"@type":"WebPage","@id":"https:\/\/boldopropiedades.cl\/","url":"https:\/\/boldopropiedades.cl\/","name":"Home - Boldo Propiedades","isPartOf":{"@id":"https:\/\/boldopropiedades.cl\/#website"},"datePublished":"2025-08-13T23:21:57+00:00","dateModified":"2025-09-28T18:56:58+00:00","breadcrumb":{"@id":"https:\/\/boldopropiedades.cl\/#breadcrumb"},"inLanguage":"es-CL","potentialAction":[{"@type":"ReadAction","target":["https:\/\/boldopropiedades.cl\/"]}]},{"@type":"BreadcrumbList","@id":"https:\/\/boldopropiedades.cl\/#breadcrumb","itemListElement":[{"@type":"ListItem","position":1,"name":"Portada","item":"https:\/\/boldopropiedades.cl\/"},{"@type":"ListItem","position":2,"name":"Home"}]},{"@type":"WebSite","@id":"https:\/\/boldopropiedades.cl\/#website","url":"https:\/\/boldopropiedades.cl\/","name":"Boldo Propiedades","description":"","potentialAction":[{"@type":"SearchAction","target":{"@type":"EntryPoint","urlTemplate":"https:\/\/boldopropiedades.cl\/?s={search_term_string}"},"query-input":{"@type":"PropertyValueSpecification","valueRequired":true,"valueName":"search_term_string"}}],"inLanguage":"es-CL"}]}},"_links":{"self":[{"href":"https:\/\/boldopropiedades.cl\/index.php?rest_route=\/wp\/v2\/pages\/34","targetHints":{"allow":["GET"]}}],"collection":[{"href":"https:\/\/boldopropiedades.cl\/index.php?rest_route=\/wp\/v2\/pages"}],"about":[{"href":"https:\/\/boldopropiedades.cl\/index.php?rest_route=\/wp\/v2\/types\/page"}],"author":[{"embeddable":true,"href":"https:\/\/boldopropiedades.cl\/index.php?rest_route=\/wp\/v2\/users\/1"}],"replies":[{"embeddable":true,"href":"https:\/\/boldopropiedades.cl\/index.php?rest_route=%2Fwp%2Fv2%2Fcomments&post=34"}],"version-history":[{"count":6,"href":"https:\/\/boldopropiedades.cl\/index.php?rest_route=\/wp\/v2\/pages\/34\/revisions"}],"predecessor-version":[{"id":91,"href":"https:\/\/boldopropiedades.cl\/index.php?rest_route=\/wp\/v2\/pages\/34\/revisions\/91"}],"wp:attachment":[{"href":"https:\/\/boldopropiedades.cl\/index.php?rest_route=%2Fwp%2Fv2%2Fmedia&parent=34"}],"curies":[{"name":"wp","href":"https:\/\/api.w.org\/{rel}","templated":true}]}}