{"id":40,"date":"2025-08-13T23:23:38","date_gmt":"2025-08-13T23:23:38","guid":{"rendered":"https:\/\/boldopropiedades.cl\/?page_id=40"},"modified":"2025-09-03T22:50:30","modified_gmt":"2025-09-03T22:50:30","slug":"otros-servicios","status":"publish","type":"page","link":"https:\/\/boldopropiedades.cl\/?page_id=40","title":{"rendered":"Nuestros Servicios"},"content":{"rendered":"<section class=\"bde-section-40-123 bde-section\">\n  \n  \n\t\n\n\n\n<div class=\"section-container\"><div class=\"bde-breadcrumbs-40-124 bde-breadcrumbs\">\n<span><span><a href=\"https:\/\/boldopropiedades.cl\/\">Portada<\/a><\/span><\/span>\n<\/div><\/div>\n<\/section><section class=\"bde-section-40-100 bde-section\">\n  \n  \n\t\n\n\n\n<div class=\"section-container\"><div class=\"bde-columns-40-101 bde-columns\"><div class=\"bde-column-40-102 bde-column\">\n  \n  \n\t\n\n\n\n<h4 class=\"bde-heading-40-105 bde-heading\">\nAcompa\u00f1amiento real desde el primer contacto hasta la entrega de llaves.\n<\/h4><div class=\"bde-text-40-106 bde-text\">\nTe guiamos en cada etapa, con respuestas claras, presencia activa y seguimiento constante.\n<\/div>\n<\/div><div class=\"bde-column-40-107 bde-column\">\n  \n  \n\t\n\n\n\n<h4 class=\"bde-heading-40-108 bde-heading\">\nGesti\u00f3n integral de tr\u00e1mites, bancos y contratos.\n<\/h4><div class=\"bde-text-40-109 bde-text\">\nNos encargamos de lo que normalmente estresa: papeles, requisitos, cr\u00e9ditos, firmas y legalidades.\n<\/div>\n<\/div><div class=\"bde-column-40-110 bde-column\">\n  \n  \n\t\n\n\n\n<h4 class=\"bde-heading-40-111 bde-heading\">\nAsesor\u00eda legal especializada.\n<\/h4><div class=\"bde-text-40-112 bde-text\">\nContamos con respaldo jur\u00eddico en cada operaci\u00f3n, para que todo est\u00e9 en regla y sin letra chica.<br>\n<\/div>\n<\/div><\/div><div class=\"bde-columns-40-113 bde-columns\"><div class=\"bde-column-40-114 bde-column\">\n  \n  \n\t\n\n\n\n<h4 class=\"bde-heading-40-115 bde-heading\">\nAcompa\u00f1amiento real desde el primer contacto hasta la entrega de llaves.\n<\/h4><div class=\"bde-text-40-116 bde-text\">\nTe guiamos en cada etapa, con respuestas claras, presencia activa y seguimiento constante.\n<\/div>\n<\/div><div class=\"bde-column-40-117 bde-column\">\n  \n  \n\t\n\n\n\n<h4 class=\"bde-heading-40-118 bde-heading\">\nGesti\u00f3n integral de tr\u00e1mites, bancos y contratos.\n<\/h4><div class=\"bde-text-40-119 bde-text\">\nNos encargamos de lo que normalmente estresa: papeles, requisitos, cr\u00e9ditos, firmas y legalidades.\n<\/div>\n<\/div><div class=\"bde-column-40-120 bde-column\">\n  \n  \n\t\n\n\n\n<h4 class=\"bde-heading-40-121 bde-heading\">\nAsesor\u00eda legal especializada.\n<\/h4><div class=\"bde-text-40-122 bde-text\">\nContamos con respaldo jur\u00eddico en cada operaci\u00f3n, para que todo est\u00e9 en regla y sin letra chica.<br>\n<\/div>\n<\/div><\/div><\/div>\n<\/section>","protected":false},"excerpt":{"rendered":"<p>Portada Acompa\u00f1amiento real desde el primer contacto hasta la entrega de llaves. Te guiamos en cada etapa, con respuestas claras, presencia activa y seguimiento constante. Gesti\u00f3n integral de tr\u00e1mites, bancos y contratos. Nos encargamos de lo que normalmente estresa: papeles, requisitos, cr\u00e9ditos, firmas y legalidades. Asesor\u00eda legal especializada. Contamos con respaldo jur\u00eddico en cada operaci\u00f3n, [&hellip;]<\/p>\n","protected":false},"author":1,"featured_media":0,"parent":0,"menu_order":0,"comment_status":"closed","ping_status":"closed","template":"","meta":{"_breakdance_hide_in_design_set":false,"_breakdance_tags":"","footnotes":""},"class_list":["post-40","page","type-page","status-publish","hentry"],"yoast_head":"<!-- This site is optimized with the Yoast SEO plugin v25.6 - https:\/\/yoast.com\/wordpress\/plugins\/seo\/ -->\n<title>Nuestros Servicios - Boldo Propiedades<\/title>\n<meta name=\"robots\" content=\"index, follow, max-snippet:-1, max-image-preview:large, max-video-preview:-1\" \/>\n<link rel=\"canonical\" href=\"https:\/\/boldopropiedades.cl\/?page_id=40\" \/>\n<meta property=\"og:locale\" content=\"es_ES\" \/>\n<meta property=\"og:type\" content=\"article\" \/>\n<meta property=\"og:title\" content=\"Nuestros Servicios - Boldo Propiedades\" \/>\n<meta property=\"og:description\" content=\"Portada Acompa\u00f1amiento real desde el primer contacto hasta la entrega de llaves. Te guiamos en cada etapa, con respuestas claras, presencia activa y seguimiento constante. Gesti\u00f3n integral de tr\u00e1mites, bancos y contratos. Nos encargamos de lo que normalmente estresa: papeles, requisitos, cr\u00e9ditos, firmas y legalidades. Asesor\u00eda legal especializada. Contamos con respaldo jur\u00eddico en cada operaci\u00f3n, [&hellip;]\" \/>\n<meta property=\"og:url\" content=\"https:\/\/boldopropiedades.cl\/?page_id=40\" \/>\n<meta property=\"og:site_name\" content=\"Boldo Propiedades\" \/>\n<meta property=\"article:modified_time\" content=\"2025-09-03T22:50:30+00:00\" \/>\n<meta name=\"twitter:card\" content=\"summary_large_image\" \/>\n<script type=\"application\/ld+json\" class=\"yoast-schema-graph\">{\"@context\":\"https:\/\/schema.org\",\"@graph\":[{\"@type\":\"WebPage\",\"@id\":\"https:\/\/boldopropiedades.cl\/?page_id=40\",\"url\":\"https:\/\/boldopropiedades.cl\/?page_id=40\",\"name\":\"Nuestros Servicios - Boldo Propiedades\",\"isPartOf\":{\"@id\":\"https:\/\/boldopropiedades.cl\/#website\"},\"datePublished\":\"2025-08-13T23:23:38+00:00\",\"dateModified\":\"2025-09-03T22:50:30+00:00\",\"breadcrumb\":{\"@id\":\"https:\/\/boldopropiedades.cl\/?page_id=40#breadcrumb\"},\"inLanguage\":\"es-CL\",\"potentialAction\":[{\"@type\":\"ReadAction\",\"target\":[\"https:\/\/boldopropiedades.cl\/?page_id=40\"]}]},{\"@type\":\"BreadcrumbList\",\"@id\":\"https:\/\/boldopropiedades.cl\/?page_id=40#breadcrumb\",\"itemListElement\":[{\"@type\":\"ListItem\",\"position\":1,\"name\":\"Portada\",\"item\":\"https:\/\/boldopropiedades.cl\/\"},{\"@type\":\"ListItem\",\"position\":2,\"name\":\"Nuestros Servicios\"}]},{\"@type\":\"WebSite\",\"@id\":\"https:\/\/boldopropiedades.cl\/#website\",\"url\":\"https:\/\/boldopropiedades.cl\/\",\"name\":\"Boldo Propiedades\",\"description\":\"\",\"potentialAction\":[{\"@type\":\"SearchAction\",\"target\":{\"@type\":\"EntryPoint\",\"urlTemplate\":\"https:\/\/boldopropiedades.cl\/?s={search_term_string}\"},\"query-input\":{\"@type\":\"PropertyValueSpecification\",\"valueRequired\":true,\"valueName\":\"search_term_string\"}}],\"inLanguage\":\"es-CL\"}]}<\/script>\n<!-- \/ Yoast SEO plugin. -->","yoast_head_json":{"title":"Nuestros Servicios - Boldo Propiedades","robots":{"index":"index","follow":"follow","max-snippet":"max-snippet:-1","max-image-preview":"max-image-preview:large","max-video-preview":"max-video-preview:-1"},"canonical":"https:\/\/boldopropiedades.cl\/?page_id=40","og_locale":"es_ES","og_type":"article","og_title":"Nuestros Servicios - Boldo Propiedades","og_description":"Portada Acompa\u00f1amiento real desde el primer contacto hasta la entrega de llaves. Te guiamos en cada etapa, con respuestas claras, presencia activa y seguimiento constante. Gesti\u00f3n integral de tr\u00e1mites, bancos y contratos. Nos encargamos de lo que normalmente estresa: papeles, requisitos, cr\u00e9ditos, firmas y legalidades. Asesor\u00eda legal especializada. Contamos con respaldo jur\u00eddico en cada operaci\u00f3n, [&hellip;]","og_url":"https:\/\/boldopropiedades.cl\/?page_id=40","og_site_name":"Boldo Propiedades","article_modified_time":"2025-09-03T22:50:30+00:00","twitter_card":"summary_large_image","schema":{"@context":"https:\/\/schema.org","@graph":[{"@type":"WebPage","@id":"https:\/\/boldopropiedades.cl\/?page_id=40","url":"https:\/\/boldopropiedades.cl\/?page_id=40","name":"Nuestros Servicios - Boldo Propiedades","isPartOf":{"@id":"https:\/\/boldopropiedades.cl\/#website"},"datePublished":"2025-08-13T23:23:38+00:00","dateModified":"2025-09-03T22:50:30+00:00","breadcrumb":{"@id":"https:\/\/boldopropiedades.cl\/?page_id=40#breadcrumb"},"inLanguage":"es-CL","potentialAction":[{"@type":"ReadAction","target":["https:\/\/boldopropiedades.cl\/?page_id=40"]}]},{"@type":"BreadcrumbList","@id":"https:\/\/boldopropiedades.cl\/?page_id=40#breadcrumb","itemListElement":[{"@type":"ListItem","position":1,"name":"Portada","item":"https:\/\/boldopropiedades.cl\/"},{"@type":"ListItem","position":2,"name":"Nuestros Servicios"}]},{"@type":"WebSite","@id":"https:\/\/boldopropiedades.cl\/#website","url":"https:\/\/boldopropiedades.cl\/","name":"Boldo Propiedades","description":"","potentialAction":[{"@type":"SearchAction","target":{"@type":"EntryPoint","urlTemplate":"https:\/\/boldopropiedades.cl\/?s={search_term_string}"},"query-input":{"@type":"PropertyValueSpecification","valueRequired":true,"valueName":"search_term_string"}}],"inLanguage":"es-CL"}]}},"_links":{"self":[{"href":"https:\/\/boldopropiedades.cl\/index.php?rest_route=\/wp\/v2\/pages\/40","targetHints":{"allow":["GET"]}}],"collection":[{"href":"https:\/\/boldopropiedades.cl\/index.php?rest_route=\/wp\/v2\/pages"}],"about":[{"href":"https:\/\/boldopropiedades.cl\/index.php?rest_route=\/wp\/v2\/types\/page"}],"author":[{"embeddable":true,"href":"https:\/\/boldopropiedades.cl\/index.php?rest_route=\/wp\/v2\/users\/1"}],"replies":[{"embeddable":true,"href":"https:\/\/boldopropiedades.cl\/index.php?rest_route=%2Fwp%2Fv2%2Fcomments&post=40"}],"version-history":[{"count":4,"href":"https:\/\/boldopropiedades.cl\/index.php?rest_route=\/wp\/v2\/pages\/40\/revisions"}],"predecessor-version":[{"id":77,"href":"https:\/\/boldopropiedades.cl\/index.php?rest_route=\/wp\/v2\/pages\/40\/revisions\/77"}],"wp:attachment":[{"href":"https:\/\/boldopropiedades.cl\/index.php?rest_route=%2Fwp%2Fv2%2Fmedia&parent=40"}],"curies":[{"name":"wp","href":"https:\/\/api.w.org\/{rel}","templated":true}]}}