{"id":42,"date":"2025-08-13T23:24:04","date_gmt":"2025-08-13T23:24:04","guid":{"rendered":"https:\/\/boldopropiedades.cl\/?page_id=42"},"modified":"2025-09-28T21:03:45","modified_gmt":"2025-09-28T21:03:45","slug":"nosotros","status":"publish","type":"page","link":"https:\/\/boldopropiedades.cl\/?page_id=42","title":{"rendered":"Nosotros"},"content":{"rendered":"<section class=\"bde-section-42-187 bde-section\">\n  \n  \n\t\n\n\n\n<div class=\"section-container\"><h2 class=\"bde-heading-42-188 bde-heading\">\nDetr\u00e1s de cada propiedad, hay decisiones importantes.\n<\/h2><div class=\"bde-text-42-189 bde-text\">\nPor eso, detr\u00e1s de BOLDO Propiedades, hay personas que saben acompa\u00f1ar.<br>Somos un equipo multidisciplinario con experiencia en corretaje, asesor\u00eda legal, dise\u00f1o, arquitectura y administraci\u00f3n de propiedades.<br><br>Combinamos conocimiento t\u00e9cnico con una mirada humana, porque entendemos que m\u00e1s all\u00e1 de los papeles, trabajamos con planes de vida.<br>Nos mueve la claridad, la confianza y el compromiso real con cada que nos elige.<br><br>Tu propiedad no queda en manos de cualquiera. Queda en manos de un equipo que se involucra, te escucha y se hace cargo.\n<\/div><div class=\"bde-columns-42-190 bde-columns\"><div class=\"bde-column-42-191 bde-column\">\n  \n  \n\t\n\n\n\n<div class=\"bde-image-42-192 bde-image\">\n<figure class=\"breakdance-image breakdance-image---1\">\n\t<div class=\"breakdance-image-container\">\n\t\t<div class=\"breakdance-image-clip\"><a class=\"breakdance-image-link breakdance-image-link--url\" href=\"https:\/\/www.linkedin.com\/in\/constanza-castro-olea-arquitecta\/\" target=\"_blank\" rel=\"noopener\" data-sub-html=\"\" data-lg-size=\"-\"><img decoding=\"async\" class=\"breakdance-image-object\" src=\"https:\/\/media.licdn.com\/dms\/image\/v2\/C5603AQE9eM71neBnDA\/profile-displayphoto-shrink_800_800\/profile-displayphoto-shrink_800_800\/0\/1516519066450?e=1761782400&v=beta&t=nWT8skUUEtAuPKgT4WeC5eg3SiOylS3jUOfo7AcMUbY\"><\/a><\/div>\n\t<\/div><\/figure>\n\n<\/div><h4 class=\"bde-heading-42-193 bde-heading\">\nConstanza Castro Olea\n<\/h4><div class=\"bde-text-42-194 bde-text\">\n\u00c1rea Arquitectura y Dise\u00f1o\n<\/div><div class=\"bde-social-icons-42-195 bde-social-icons\">\n                  \n            \n            \n\n    \n    \n    \n    \n    \n    <a class=\"breakdance-link bde-social-icons__icon-wrapper bde-social-icons__icon-facebook\" href=\"https:\/\/www.facebook.com\/\" target=\"_self\" data-type=\"url\" aria-label=\"facebook\" >\n\n             <svg xmlns=\"http:\/\/www.w3.org\/2000\/svg\" width=\"100%\" viewBox=\"0 0 24 24\">\n            <path d=\"M9 8h-3v4h3v12h5v-12h3.642l.358-4h-4v-1.667c0-.955.192-1.333 1.115-1.333h2.885v-5h-3.808c-3.596 0-5.192 1.583-5.192 4.615v3.385z\"\/>\n       <\/svg>\n              <\/a>\n\n                    \n            \n            \n\n    \n    \n    \n    \n    \n    <a class=\"breakdance-link bde-social-icons__icon-wrapper bde-social-icons__icon-twitter\" href=\"https:\/\/twitter.com\/\" target=\"_self\" data-type=\"url\" aria-label=\"twitter\" >\n\n              <svg xmlns=\"http:\/\/www.w3.org\/2000\/svg\" width=\"100%\" viewBox=\"0 0 512 512\">\n          <path d=\"M389.2 48h70.6L305.6 224.2 487 464H345L233.7 318.6 106.5 464H35.8L200.7 275.5 26.8 48H172.4L272.9 180.9 389.2 48zM364.4 421.8h39.1L151.1 88h-42L364.4 421.8z\" \/>\n        <\/svg>\n              <\/a>\n\n                    \n            \n            \n\n    \n    \n    \n    \n    \n    <a class=\"breakdance-link bde-social-icons__icon-wrapper bde-social-icons__icon-instagram\" href=\"https:\/\/www.instagram.com\/\" target=\"_self\" data-type=\"url\" aria-label=\"instagram\" >\n\n             <svg xmlns=\"http:\/\/www.w3.org\/2000\/svg\" width=\"100%\" viewBox=\"0 0 24 24\">\n            <path d=\"M12 2.163c3.204 0 3.584.012 4.85.07 3.252.148 4.771 1.691 4.919 4.919.058 1.265.069 1.645.069 4.849 0 3.205-.012 3.584-.069 4.849-.149 3.225-1.664 4.771-4.919 4.919-1.266.058-1.644.07-4.85.07-3.204 0-3.584-.012-4.849-.07-3.26-.149-4.771-1.699-4.919-4.92-.058-1.265-.07-1.644-.07-4.849 0-3.204.013-3.583.07-4.849.149-3.227 1.664-4.771 4.919-4.919 1.266-.057 1.645-.069 4.849-.069zm0-2.163c-3.259 0-3.667.014-4.947.072-4.358.2-6.78 2.618-6.98 6.98-.059 1.281-.073 1.689-.073 4.948 0 3.259.014 3.668.072 4.948.2 4.358 2.618 6.78 6.98 6.98 1.281.058 1.689.072 4.948.072 3.259 0 3.668-.014 4.948-.072 4.354-.2 6.782-2.618 6.979-6.98.059-1.28.073-1.689.073-4.948 0-3.259-.014-3.667-.072-4.947-.196-4.354-2.617-6.78-6.979-6.98-1.281-.059-1.69-.073-4.949-.073zm0 5.838c-3.403 0-6.162 2.759-6.162 6.162s2.759 6.163 6.162 6.163 6.162-2.759 6.162-6.163c0-3.403-2.759-6.162-6.162-6.162zm0 10.162c-2.209 0-4-1.79-4-4 0-2.209 1.791-4 4-4s4 1.791 4 4c0 2.21-1.791 4-4 4zm6.406-11.845c-.796 0-1.441.645-1.441 1.44s.645 1.44 1.441 1.44c.795 0 1.439-.645 1.439-1.44s-.644-1.44-1.439-1.44z\"\/>\n       <\/svg>\n              <\/a>\n\n    \n<\/div>\n<\/div><div class=\"bde-column-42-196 bde-column\">\n  \n  \n\t\n\n\n\n<div class=\"bde-image-42-197 bde-image\">\n<figure class=\"breakdance-image breakdance-image---1\">\n\t<div class=\"breakdance-image-container\">\n\t\t<div class=\"breakdance-image-clip\"><a class=\"breakdance-image-link breakdance-image-link--url\" href=\"https:\/\/www.linkedin.com\/in\/camila-gath-medina-74338b50\/\" target=\"_blank\" rel=\"noopener\" data-sub-html=\"\" data-lg-size=\"-\"><img decoding=\"async\" class=\"breakdance-image-object\" src=\"https:\/\/media.licdn.com\/dms\/image\/v2\/D4E03AQH69bGn0TIZcw\/profile-displayphoto-shrink_800_800\/B4EZcuiA.IH0Ag-\/0\/1748832359118?e=1761782400&v=beta&t=t-oBHAks1J8ssdDRgns0nhStMi0ixMpfbNCfexUBJeQ\"><\/a><\/div>\n\t<\/div><\/figure>\n\n<\/div><h4 class=\"bde-heading-42-198 bde-heading\">\nCamila Gath\n<\/h4><div class=\"bde-text-42-199 bde-text\">\n\u00c1rea Marketing y Comunicaciones\n<\/div><div class=\"bde-social-icons-42-200 bde-social-icons\">\n                  \n            \n            \n\n    \n    \n    \n    \n    \n    <a class=\"breakdance-link bde-social-icons__icon-wrapper bde-social-icons__icon-facebook\" href=\"https:\/\/www.facebook.com\/\" target=\"_self\" data-type=\"url\" aria-label=\"facebook\" >\n\n             <svg xmlns=\"http:\/\/www.w3.org\/2000\/svg\" width=\"100%\" viewBox=\"0 0 24 24\">\n            <path d=\"M9 8h-3v4h3v12h5v-12h3.642l.358-4h-4v-1.667c0-.955.192-1.333 1.115-1.333h2.885v-5h-3.808c-3.596 0-5.192 1.583-5.192 4.615v3.385z\"\/>\n       <\/svg>\n              <\/a>\n\n                    \n            \n            \n\n    \n    \n    \n    \n    \n    <a class=\"breakdance-link bde-social-icons__icon-wrapper bde-social-icons__icon-twitter\" href=\"https:\/\/twitter.com\/\" target=\"_self\" data-type=\"url\" aria-label=\"twitter\" >\n\n              <svg xmlns=\"http:\/\/www.w3.org\/2000\/svg\" width=\"100%\" viewBox=\"0 0 512 512\">\n          <path d=\"M389.2 48h70.6L305.6 224.2 487 464H345L233.7 318.6 106.5 464H35.8L200.7 275.5 26.8 48H172.4L272.9 180.9 389.2 48zM364.4 421.8h39.1L151.1 88h-42L364.4 421.8z\" \/>\n        <\/svg>\n              <\/a>\n\n                    \n            \n            \n\n    \n    \n    \n    \n    \n    <a class=\"breakdance-link bde-social-icons__icon-wrapper bde-social-icons__icon-instagram\" href=\"https:\/\/www.instagram.com\/\" target=\"_self\" data-type=\"url\" aria-label=\"instagram\" >\n\n             <svg xmlns=\"http:\/\/www.w3.org\/2000\/svg\" width=\"100%\" viewBox=\"0 0 24 24\">\n            <path d=\"M12 2.163c3.204 0 3.584.012 4.85.07 3.252.148 4.771 1.691 4.919 4.919.058 1.265.069 1.645.069 4.849 0 3.205-.012 3.584-.069 4.849-.149 3.225-1.664 4.771-4.919 4.919-1.266.058-1.644.07-4.85.07-3.204 0-3.584-.012-4.849-.07-3.26-.149-4.771-1.699-4.919-4.92-.058-1.265-.07-1.644-.07-4.849 0-3.204.013-3.583.07-4.849.149-3.227 1.664-4.771 4.919-4.919 1.266-.057 1.645-.069 4.849-.069zm0-2.163c-3.259 0-3.667.014-4.947.072-4.358.2-6.78 2.618-6.98 6.98-.059 1.281-.073 1.689-.073 4.948 0 3.259.014 3.668.072 4.948.2 4.358 2.618 6.78 6.98 6.98 1.281.058 1.689.072 4.948.072 3.259 0 3.668-.014 4.948-.072 4.354-.2 6.782-2.618 6.979-6.98.059-1.28.073-1.689.073-4.948 0-3.259-.014-3.667-.072-4.947-.196-4.354-2.617-6.78-6.979-6.98-1.281-.059-1.69-.073-4.949-.073zm0 5.838c-3.403 0-6.162 2.759-6.162 6.162s2.759 6.163 6.162 6.163 6.162-2.759 6.162-6.163c0-3.403-2.759-6.162-6.162-6.162zm0 10.162c-2.209 0-4-1.79-4-4 0-2.209 1.791-4 4-4s4 1.791 4 4c0 2.21-1.791 4-4 4zm6.406-11.845c-.796 0-1.441.645-1.441 1.44s.645 1.44 1.441 1.44c.795 0 1.439-.645 1.439-1.44s-.644-1.44-1.439-1.44z\"\/>\n       <\/svg>\n              <\/a>\n\n    \n<\/div>\n<\/div><div class=\"bde-column-42-201 bde-column\">\n  \n  \n\t\n\n\n\n<div class=\"bde-image-42-202 bde-image\">\n<figure class=\"breakdance-image breakdance-image---1\">\n\t<div class=\"breakdance-image-container\">\n\t\t<div class=\"breakdance-image-clip\"><a class=\"breakdance-image-link breakdance-image-link--url\" href=\"https:\/\/www.linkedin.com\/in\/francisco-nicolas-ugalde-rocha-553a80b4\/\" target=\"_blank\" rel=\"noopener\" data-sub-html=\"\" data-lg-size=\"-\"><img decoding=\"async\" class=\"breakdance-image-object\" src=\"https:\/\/media.licdn.com\/dms\/image\/v2\/C4D03AQGAYFnfile8cw\/profile-displayphoto-shrink_400_400\/profile-displayphoto-shrink_400_400\/0\/1625342976623?e=1761782400&v=beta&t=1tpOkk2LdsJQiFBRZtQPaEfCRfYDrM9xusMD5xmjvSg\"><\/a><\/div>\n\t<\/div><\/figure>\n\n<\/div><h4 class=\"bde-heading-42-203 bde-heading\">\nNicol\u00e1s Ugalde Rocha\n<\/h4><div class=\"bde-text-42-204 bde-text\">\n\u00c1rea Legal\n<\/div><div class=\"bde-social-icons-42-205 bde-social-icons\">\n                  \n            \n            \n\n    \n    \n    \n    \n    \n    <a class=\"breakdance-link bde-social-icons__icon-wrapper bde-social-icons__icon-facebook\" href=\"https:\/\/www.facebook.com\/\" target=\"_self\" data-type=\"url\" aria-label=\"facebook\" >\n\n             <svg xmlns=\"http:\/\/www.w3.org\/2000\/svg\" width=\"100%\" viewBox=\"0 0 24 24\">\n            <path d=\"M9 8h-3v4h3v12h5v-12h3.642l.358-4h-4v-1.667c0-.955.192-1.333 1.115-1.333h2.885v-5h-3.808c-3.596 0-5.192 1.583-5.192 4.615v3.385z\"\/>\n       <\/svg>\n              <\/a>\n\n                    \n            \n            \n\n    \n    \n    \n    \n    \n    <a class=\"breakdance-link bde-social-icons__icon-wrapper bde-social-icons__icon-twitter\" href=\"https:\/\/twitter.com\/\" target=\"_self\" data-type=\"url\" aria-label=\"twitter\" >\n\n              <svg xmlns=\"http:\/\/www.w3.org\/2000\/svg\" width=\"100%\" viewBox=\"0 0 512 512\">\n          <path d=\"M389.2 48h70.6L305.6 224.2 487 464H345L233.7 318.6 106.5 464H35.8L200.7 275.5 26.8 48H172.4L272.9 180.9 389.2 48zM364.4 421.8h39.1L151.1 88h-42L364.4 421.8z\" \/>\n        <\/svg>\n              <\/a>\n\n                    \n            \n            \n\n    \n    \n    \n    \n    \n    <a class=\"breakdance-link bde-social-icons__icon-wrapper bde-social-icons__icon-instagram\" href=\"https:\/\/www.instagram.com\/\" target=\"_self\" data-type=\"url\" aria-label=\"instagram\" >\n\n             <svg xmlns=\"http:\/\/www.w3.org\/2000\/svg\" width=\"100%\" viewBox=\"0 0 24 24\">\n            <path d=\"M12 2.163c3.204 0 3.584.012 4.85.07 3.252.148 4.771 1.691 4.919 4.919.058 1.265.069 1.645.069 4.849 0 3.205-.012 3.584-.069 4.849-.149 3.225-1.664 4.771-4.919 4.919-1.266.058-1.644.07-4.85.07-3.204 0-3.584-.012-4.849-.07-3.26-.149-4.771-1.699-4.919-4.92-.058-1.265-.07-1.644-.07-4.849 0-3.204.013-3.583.07-4.849.149-3.227 1.664-4.771 4.919-4.919 1.266-.057 1.645-.069 4.849-.069zm0-2.163c-3.259 0-3.667.014-4.947.072-4.358.2-6.78 2.618-6.98 6.98-.059 1.281-.073 1.689-.073 4.948 0 3.259.014 3.668.072 4.948.2 4.358 2.618 6.78 6.98 6.98 1.281.058 1.689.072 4.948.072 3.259 0 3.668-.014 4.948-.072 4.354-.2 6.782-2.618 6.979-6.98.059-1.28.073-1.689.073-4.948 0-3.259-.014-3.667-.072-4.947-.196-4.354-2.617-6.78-6.979-6.98-1.281-.059-1.69-.073-4.949-.073zm0 5.838c-3.403 0-6.162 2.759-6.162 6.162s2.759 6.163 6.162 6.163 6.162-2.759 6.162-6.163c0-3.403-2.759-6.162-6.162-6.162zm0 10.162c-2.209 0-4-1.79-4-4 0-2.209 1.791-4 4-4s4 1.791 4 4c0 2.21-1.791 4-4 4zm6.406-11.845c-.796 0-1.441.645-1.441 1.44s.645 1.44 1.441 1.44c.795 0 1.439-.645 1.439-1.44s-.644-1.44-1.439-1.44z\"\/>\n       <\/svg>\n              <\/a>\n\n    \n<\/div>\n<\/div><\/div><\/div>\n<\/section>","protected":false},"excerpt":{"rendered":"<p>Detr\u00e1s de cada propiedad, hay decisiones importantes. Por eso, detr\u00e1s de BOLDO Propiedades, hay personas que saben acompa\u00f1ar.Somos un equipo multidisciplinario con experiencia en corretaje, asesor\u00eda legal, dise\u00f1o, arquitectura y administraci\u00f3n de propiedades.Combinamos conocimiento t\u00e9cnico con una mirada humana, porque entendemos que m\u00e1s all\u00e1 de los papeles, trabajamos con planes de vida.Nos mueve la claridad, [&hellip;]<\/p>\n","protected":false},"author":1,"featured_media":0,"parent":0,"menu_order":0,"comment_status":"closed","ping_status":"closed","template":"","meta":{"_breakdance_hide_in_design_set":false,"_breakdance_tags":"","footnotes":""},"class_list":["post-42","page","type-page","status-publish","hentry"],"yoast_head":"<!-- This site is optimized with the Yoast SEO plugin v25.6 - https:\/\/yoast.com\/wordpress\/plugins\/seo\/ -->\n<title>Nosotros - Boldo Propiedades<\/title>\n<meta name=\"robots\" content=\"index, follow, max-snippet:-1, max-image-preview:large, max-video-preview:-1\" \/>\n<link rel=\"canonical\" href=\"https:\/\/boldopropiedades.cl\/?page_id=42\" \/>\n<meta property=\"og:locale\" content=\"es_ES\" \/>\n<meta property=\"og:type\" content=\"article\" \/>\n<meta property=\"og:title\" content=\"Nosotros - Boldo Propiedades\" \/>\n<meta property=\"og:description\" content=\"Detr\u00e1s de cada propiedad, hay decisiones importantes. Por eso, detr\u00e1s de BOLDO Propiedades, hay personas que saben acompa\u00f1ar.Somos un equipo multidisciplinario con experiencia en corretaje, asesor\u00eda legal, dise\u00f1o, arquitectura y administraci\u00f3n de propiedades.Combinamos conocimiento t\u00e9cnico con una mirada humana, porque entendemos que m\u00e1s all\u00e1 de los papeles, trabajamos con planes de vida.Nos mueve la claridad, [&hellip;]\" \/>\n<meta property=\"og:url\" content=\"https:\/\/boldopropiedades.cl\/?page_id=42\" \/>\n<meta property=\"og:site_name\" content=\"Boldo Propiedades\" \/>\n<meta property=\"article:modified_time\" content=\"2025-09-28T21:03:45+00:00\" \/>\n<meta name=\"twitter:card\" content=\"summary_large_image\" \/>\n<meta name=\"twitter:label1\" content=\"Tiempo estimado de lectura\" \/>\n\t<meta name=\"twitter:data1\" content=\"1 minuto\" \/>\n<script type=\"application\/ld+json\" class=\"yoast-schema-graph\">{\"@context\":\"https:\/\/schema.org\",\"@graph\":[{\"@type\":\"WebPage\",\"@id\":\"https:\/\/boldopropiedades.cl\/?page_id=42\",\"url\":\"https:\/\/boldopropiedades.cl\/?page_id=42\",\"name\":\"Nosotros - Boldo Propiedades\",\"isPartOf\":{\"@id\":\"https:\/\/boldopropiedades.cl\/#website\"},\"datePublished\":\"2025-08-13T23:24:04+00:00\",\"dateModified\":\"2025-09-28T21:03:45+00:00\",\"breadcrumb\":{\"@id\":\"https:\/\/boldopropiedades.cl\/?page_id=42#breadcrumb\"},\"inLanguage\":\"es-CL\",\"potentialAction\":[{\"@type\":\"ReadAction\",\"target\":[\"https:\/\/boldopropiedades.cl\/?page_id=42\"]}]},{\"@type\":\"BreadcrumbList\",\"@id\":\"https:\/\/boldopropiedades.cl\/?page_id=42#breadcrumb\",\"itemListElement\":[{\"@type\":\"ListItem\",\"position\":1,\"name\":\"Portada\",\"item\":\"https:\/\/boldopropiedades.cl\/\"},{\"@type\":\"ListItem\",\"position\":2,\"name\":\"Nosotros\"}]},{\"@type\":\"WebSite\",\"@id\":\"https:\/\/boldopropiedades.cl\/#website\",\"url\":\"https:\/\/boldopropiedades.cl\/\",\"name\":\"Boldo Propiedades\",\"description\":\"\",\"potentialAction\":[{\"@type\":\"SearchAction\",\"target\":{\"@type\":\"EntryPoint\",\"urlTemplate\":\"https:\/\/boldopropiedades.cl\/?s={search_term_string}\"},\"query-input\":{\"@type\":\"PropertyValueSpecification\",\"valueRequired\":true,\"valueName\":\"search_term_string\"}}],\"inLanguage\":\"es-CL\"}]}<\/script>\n<!-- \/ Yoast SEO plugin. -->","yoast_head_json":{"title":"Nosotros - Boldo Propiedades","robots":{"index":"index","follow":"follow","max-snippet":"max-snippet:-1","max-image-preview":"max-image-preview:large","max-video-preview":"max-video-preview:-1"},"canonical":"https:\/\/boldopropiedades.cl\/?page_id=42","og_locale":"es_ES","og_type":"article","og_title":"Nosotros - Boldo Propiedades","og_description":"Detr\u00e1s de cada propiedad, hay decisiones importantes. Por eso, detr\u00e1s de BOLDO Propiedades, hay personas que saben acompa\u00f1ar.Somos un equipo multidisciplinario con experiencia en corretaje, asesor\u00eda legal, dise\u00f1o, arquitectura y administraci\u00f3n de propiedades.Combinamos conocimiento t\u00e9cnico con una mirada humana, porque entendemos que m\u00e1s all\u00e1 de los papeles, trabajamos con planes de vida.Nos mueve la claridad, [&hellip;]","og_url":"https:\/\/boldopropiedades.cl\/?page_id=42","og_site_name":"Boldo Propiedades","article_modified_time":"2025-09-28T21:03:45+00:00","twitter_card":"summary_large_image","twitter_misc":{"Tiempo estimado de lectura":"1 minuto"},"schema":{"@context":"https:\/\/schema.org","@graph":[{"@type":"WebPage","@id":"https:\/\/boldopropiedades.cl\/?page_id=42","url":"https:\/\/boldopropiedades.cl\/?page_id=42","name":"Nosotros - Boldo Propiedades","isPartOf":{"@id":"https:\/\/boldopropiedades.cl\/#website"},"datePublished":"2025-08-13T23:24:04+00:00","dateModified":"2025-09-28T21:03:45+00:00","breadcrumb":{"@id":"https:\/\/boldopropiedades.cl\/?page_id=42#breadcrumb"},"inLanguage":"es-CL","potentialAction":[{"@type":"ReadAction","target":["https:\/\/boldopropiedades.cl\/?page_id=42"]}]},{"@type":"BreadcrumbList","@id":"https:\/\/boldopropiedades.cl\/?page_id=42#breadcrumb","itemListElement":[{"@type":"ListItem","position":1,"name":"Portada","item":"https:\/\/boldopropiedades.cl\/"},{"@type":"ListItem","position":2,"name":"Nosotros"}]},{"@type":"WebSite","@id":"https:\/\/boldopropiedades.cl\/#website","url":"https:\/\/boldopropiedades.cl\/","name":"Boldo Propiedades","description":"","potentialAction":[{"@type":"SearchAction","target":{"@type":"EntryPoint","urlTemplate":"https:\/\/boldopropiedades.cl\/?s={search_term_string}"},"query-input":{"@type":"PropertyValueSpecification","valueRequired":true,"valueName":"search_term_string"}}],"inLanguage":"es-CL"}]}},"_links":{"self":[{"href":"https:\/\/boldopropiedades.cl\/index.php?rest_route=\/wp\/v2\/pages\/42","targetHints":{"allow":["GET"]}}],"collection":[{"href":"https:\/\/boldopropiedades.cl\/index.php?rest_route=\/wp\/v2\/pages"}],"about":[{"href":"https:\/\/boldopropiedades.cl\/index.php?rest_route=\/wp\/v2\/types\/page"}],"author":[{"embeddable":true,"href":"https:\/\/boldopropiedades.cl\/index.php?rest_route=\/wp\/v2\/users\/1"}],"replies":[{"embeddable":true,"href":"https:\/\/boldopropiedades.cl\/index.php?rest_route=%2Fwp%2Fv2%2Fcomments&post=42"}],"version-history":[{"count":7,"href":"https:\/\/boldopropiedades.cl\/index.php?rest_route=\/wp\/v2\/pages\/42\/revisions"}],"predecessor-version":[{"id":96,"href":"https:\/\/boldopropiedades.cl\/index.php?rest_route=\/wp\/v2\/pages\/42\/revisions\/96"}],"wp:attachment":[{"href":"https:\/\/boldopropiedades.cl\/index.php?rest_route=%2Fwp%2Fv2%2Fmedia&parent=42"}],"curies":[{"name":"wp","href":"https:\/\/api.w.org\/{rel}","templated":true}]}}